{"id":14,"date":"2025-08-18T16:44:36","date_gmt":"2025-08-18T16:44:36","guid":{"rendered":"https:\/\/swipe2me.dk\/?page_id=14"},"modified":"2025-08-20T07:53:11","modified_gmt":"2025-08-20T07:53:11","slug":"introduktion","status":"publish","type":"page","link":"https:\/\/swipe2me.dk\/","title":{"rendered":"Forside"},"content":{"rendered":"\t\t<div data-elementor-type=\"wp-page\" data-elementor-id=\"14\" class=\"elementor elementor-14\" data-elementor-post-type=\"page\">\n\t\t\t\t<div class=\"elementor-element elementor-element-04f624f e-flex e-con-boxed e-con e-parent\" data-id=\"04f624f\" data-element_type=\"container\" data-e-type=\"container\">\n\t\t\t\t\t<div class=\"e-con-inner\">\n\t\t\t\t<div class=\"elementor-element elementor-element-b40d7b9 elementor-widget elementor-widget-heading\" data-id=\"b40d7b9\" data-element_type=\"widget\" data-e-type=\"widget\" data-widget_type=\"heading.default\">\n\t\t\t\t\t<h2 class=\"elementor-heading-title elementor-size-default\">NYHED!<\/h2>\t\t\t\t<\/div>\n\t\t\t\t<div class=\"elementor-element elementor-element-9dac2bb elementor-widget elementor-widget-image\" data-id=\"9dac2bb\" data-element_type=\"widget\" data-e-type=\"widget\" data-widget_type=\"image.default\">\n\t\t\t\t\t\t\t\t\t\t\t\t\t\t\t<img fetchpriority=\"high\" decoding=\"async\" width=\"800\" height=\"295\" src=\"https:\/\/swipe2me.dk\/wp-content\/uploads\/2025\/08\/Swipe2Me-Logo-Design123.png\" class=\"attachment-large size-large wp-image-37\" alt=\"\" srcset=\"https:\/\/swipe2me.dk\/wp-content\/uploads\/2025\/08\/Swipe2Me-Logo-Design123.png 829w, https:\/\/swipe2me.dk\/wp-content\/uploads\/2025\/08\/Swipe2Me-Logo-Design123-300x111.png 300w, https:\/\/swipe2me.dk\/wp-content\/uploads\/2025\/08\/Swipe2Me-Logo-Design123-768x283.png 768w\" sizes=\"(max-width: 800px) 100vw, 800px\" \/>\t\t\t\t\t\t\t\t\t\t\t\t\t\t\t<\/div>\n\t\t\t\t\t<\/div>\n\t\t\t\t<\/div>\n\t\t<div class=\"elementor-element elementor-element-5581062 e-flex e-con-boxed e-con e-parent\" data-id=\"5581062\" data-element_type=\"container\" data-e-type=\"container\">\n\t\t\t\t\t<div class=\"e-con-inner\">\n\t\t\t\t<div class=\"elementor-element elementor-element-8bca3a6 elementor-widget elementor-widget-heading\" data-id=\"8bca3a6\" data-element_type=\"widget\" data-e-type=\"widget\" data-widget_type=\"heading.default\">\n\t\t\t\t\t<h2 class=\"elementor-heading-title elementor-size-default\">Her kommer Danmarks bedste dating site. <\/h2>\t\t\t\t<\/div>\n\t\t\t\t<div class=\"elementor-element elementor-element-be50c88 elementor-widget elementor-widget-heading\" data-id=\"be50c88\" data-element_type=\"widget\" data-e-type=\"widget\" data-widget_type=\"heading.default\">\n\t\t\t\t\t<h4 class=\"elementor-heading-title elementor-size-default\">Vi knokler for at blive f\u00e6rdig.<\/h4>\t\t\t\t<\/div>\n\t\t\t\t\t<\/div>\n\t\t\t\t<\/div>\n\t\t<div class=\"elementor-element elementor-element-6d54db2d e-flex e-con-boxed e-con e-parent\" data-id=\"6d54db2d\" data-element_type=\"container\" data-e-type=\"container\">\n\t\t\t\t\t<div class=\"e-con-inner\">\n\t\t\t\t<div class=\"elementor-element elementor-element-74fcb501 elementor-widget elementor-widget-text-editor\" data-id=\"74fcb501\" data-element_type=\"widget\" data-e-type=\"widget\" data-widget_type=\"text-editor.default\">\n\t\t\t\t\t\t\t\t\t<h4>Om os:<\/h4><p>DejligeDanmark<br \/>CVR.29872678<br \/>Tranumparken 11,1. <br \/>2660 Br\u00f8ndby Strand<br \/>Kontakt e-mail: salg@swipe2me.dk<\/p><p>Tak, fordi du bes\u00f8ger vores hjemmeside. Det er det st\u00f8rste sted for singler at m\u00f8de andre singler p\u00e5 nettet, det omtales ogs\u00e5 bedst som et sted, hvor det kan v\u00e6re en sjov og sp\u00e6ndende oplevelse at m\u00f8de mennesker online.<\/p><p>Denne service giver folk fra alle verdenshj\u00f8rner mulighed for at forbinde og kommunikere p\u00e5 en m\u00e5de, som intet andet medie tillader. Uanset om du er single eller tilknyttet, er der millioner af mennesker, der \u00f8nsker at skabe nye forbindelser hver dag. Dine chancer for at finde en ny ven, en ny elsker eller hvilken form for forbindelse, du h\u00e5ber p\u00e5 at skabe, er tidoblet.<\/p><p>Traditionalister vil antyde, at internettet ikke er en god m\u00e5de at m\u00f8de mennesker p\u00e5; Men der er mange individer i alle dele af verden, der har f\u00e5et varige venskaber med mennesker, de har m\u00f8dt p\u00e5 vores side. Denne id\u00e9 om dating er gennemt\u00e6nkt og omhyggeligt planlagt for at sikre, at du f\u00e5r et sjovt liv, der er underholdende, l\u00e6rerigt og oplysende.<\/p>\t\t\t\t\t\t\t\t<\/div>\n\t\t\t\t\t<\/div>\n\t\t\t\t<\/div>\n\t\t\t\t<\/div>\n\t\t","protected":false},"excerpt":{"rendered":"<p>NYHED! Her kommer Danmarks bedste dating site. Vi knokler for at blive f\u00e6rdig. Om os: DejligeDanmarkCVR.29872678Tranumparken 11,1. 2660 Br\u00f8ndby StrandKontakt e-mail: salg@swipe2me.dk Tak, fordi du bes\u00f8ger vores hjemmeside. Det er det st\u00f8rste sted for singler at m\u00f8de andre singler p\u00e5 nettet, det omtales ogs\u00e5 bedst som et sted, hvor det kan v\u00e6re en sjov og [&hellip;]<\/p>\n","protected":false},"author":1,"featured_media":12,"parent":0,"menu_order":0,"comment_status":"closed","ping_status":"closed","template":"elementor_canvas","meta":{"footnotes":""},"class_list":["post-14","page","type-page","status-publish","has-post-thumbnail","hentry"],"_links":{"self":[{"href":"https:\/\/swipe2me.dk\/index.php\/wp-json\/wp\/v2\/pages\/14","targetHints":{"allow":["GET"]}}],"collection":[{"href":"https:\/\/swipe2me.dk\/index.php\/wp-json\/wp\/v2\/pages"}],"about":[{"href":"https:\/\/swipe2me.dk\/index.php\/wp-json\/wp\/v2\/types\/page"}],"author":[{"embeddable":true,"href":"https:\/\/swipe2me.dk\/index.php\/wp-json\/wp\/v2\/users\/1"}],"replies":[{"embeddable":true,"href":"https:\/\/swipe2me.dk\/index.php\/wp-json\/wp\/v2\/comments?post=14"}],"version-history":[{"count":51,"href":"https:\/\/swipe2me.dk\/index.php\/wp-json\/wp\/v2\/pages\/14\/revisions"}],"predecessor-version":[{"id":101,"href":"https:\/\/swipe2me.dk\/index.php\/wp-json\/wp\/v2\/pages\/14\/revisions\/101"}],"wp:featuredmedia":[{"embeddable":true,"href":"https:\/\/swipe2me.dk\/index.php\/wp-json\/wp\/v2\/media\/12"}],"wp:attachment":[{"href":"https:\/\/swipe2me.dk\/index.php\/wp-json\/wp\/v2\/media?parent=14"}],"curies":[{"name":"wp","href":"https:\/\/api.w.org\/{rel}","templated":true}]}}